{"id":2154,"date":"2025-04-07T14:08:33","date_gmt":"2025-04-07T12:08:33","guid":{"rendered":"https:\/\/campingterraalta.com\/politicia-devolucions\/"},"modified":"2025-06-10T17:18:03","modified_gmt":"2025-06-10T15:18:03","slug":"politica-de-devoluciones","status":"publish","type":"page","link":"https:\/\/campingterraalta.com\/es\/politica-de-devoluciones\/","title":{"rendered":"Pol\u00edtica de Devoluciones"},"content":{"rendered":"\n<div class=\"wp-block-cover alignfull has-parallax header-top has-animation oh\" style=\"margin-top:0px;margin-bottom:0px\"><span aria-hidden=\"true\" class=\"wp-block-cover__background has-theme-black-background-color has-background-dim-30 has-background-dim\"><\/span><div class=\"wp-block-cover__image-background wp-image-1828 has-parallax\" style=\"background-position:50% 50%;background-image:url(https:\/\/campingterraalta.com\/wp-content\/uploads\/20241022-082808.webp);\"><\/div><div class=\"wp-block-cover__inner-container is-layout-constrained wp-block-cover-is-layout-constrained\">\n<div class=\"wp-block-group animation--init--once animation--top is-content-justification-center is-layout-constrained wp-container-core-group-is-layout-b772f419 wp-block-group-is-layout-constrained\">\n<p class=\"has-text-align-left titre-top animation--init--once animation--top has-h-1-font-size\"><sup>Camping Terra Alta<\/sup>Pol\u00edtica de Devoluciones<\/p>\n\n\n\n<div class=\"wp-block-group alignfull breadcrumbs-top is-layout-constrained wp-block-group-is-layout-constrained\" style=\"margin-top:0px;margin-bottom:0px\">\n<div class=\"wp-block-group is-layout-constrained wp-block-group-is-layout-constrained\">\n<span><span><a href=\"https:\/\/campingterraalta.com\/es\/\">Portada<\/a><\/span><\/span>\n<\/div>\n<\/div>\n<\/div>\n\n\n\n<div class=\"wp-block-group booking-container is-layout-constrained wp-block-group-is-layout-constrained\"><script>\n            document.addEventListener('DOMContentLoaded', function () {\n\n                var widget = new MasterWidget('widgetBookingContainer6122', {\n                    lang: 'es',idProperty: '352',class: 'widget_columns',dropdown: true,\n                    url: 'https:\/\/booking.campingterraalta.com'\n                });\n\n\n            });\n\n            <\/script><div id=\"widgetBookingContainer6122\"> <\/div>\n<\/div>\n<\/div><\/div>\n\n\n\n<div class=\"wp-block-group is-layout-constrained wp-block-group-is-layout-constrained\" style=\"padding-top:50px;padding-bottom:50px\">\n<h1 class=\"wp-block-heading has-h-2-font-size\"><strong>Pol\u00edtica de Devoluciones<\/strong><\/h1>\n\n\n\n<h2 class=\"wp-block-heading has-h-3-font-size\"><strong>1. Condiciones Generales<\/strong><\/h2>\n\n\n\n<p>En Camping Terra Alta nos esforzamos por ofrecer la mejor experiencia a nuestros clientes. Si por alguna raz\u00f3n necesitas solicitar una devoluci\u00f3n, por favor, lee atentamente nuestra pol\u00edtica de devoluciones.<\/p>\n\n\n\n<h2 class=\"wp-block-heading has-h-3-font-size\"><strong>2. Cancelaci\u00f3n y Reembolsos<\/strong><\/h2>\n\n\n\n<ul class=\"wp-block-list\">\n<li>Las cancelaciones realizadas con un m\u00ednimo de 15 d\u00edas de antelaci\u00f3n a la fecha de llegada recibir\u00e1n un reembolso completo.<\/li>\n\n\n\n<li>Las cancelaciones realizadas entre 7 y 14 d\u00edas antes de la fecha de llegada recibir\u00e1n un reembolso del 50%.<\/li>\n\n\n\n<li>Las cancelaciones realizadas con menos de 7 d\u00edas de antelaci\u00f3n no ser\u00e1n reembolsables.<\/li>\n\n\n\n<li>En caso de no presentarse el d\u00eda de la reserva, no se realizar\u00e1 reembolso alguno.<\/li>\n<\/ul>\n\n\n\n<h2 class=\"wp-block-heading has-h-3-font-size\"><strong>3. Modificaciones de Reserva<\/strong><\/h2>\n\n\n\n<ul class=\"wp-block-list\">\n<li>Se permiten modificaciones de fecha con al menos 7 d\u00edas de antelaci\u00f3n, sujetas a disponibilidad.<\/li>\n\n\n\n<li>Si el cambio implica una tarifa superior, el cliente deber\u00e1 abonar la diferencia.<\/li>\n\n\n\n<li>No se admitir\u00e1n modificaciones dentro de los 7 d\u00edas previos a su llegada.<\/li>\n<\/ul>\n\n\n\n<h2 class=\"wp-block-heading has-h-3-font-size\"><strong>4. Devoluciones por Causas de Fuerza Mayor<\/strong><\/h2>\n\n\n\n<p>En casos de fuerza mayor (enfermedad grave, desastres naturales, restricciones gubernamentales, etc.), podr\u00e1 solicitarse una devoluci\u00f3n parcial o total, presentando la documentaci\u00f3n pertinente.<\/p>\n\n\n\n<h2 class=\"wp-block-heading has-h-3-font-size\"><strong>5. Procedimiento de Reembolso<\/strong><\/h2>\n\n\n\n<ul class=\"wp-block-list\">\n<li>Para solicitar una devoluci\u00f3n env\u00eda un correo a info@campingterraalta.com con los detalles de tu reserva.<\/li>\n\n\n\n<li>El procesamiento de los reembolsos puede tardar entre 7 y 14 d\u00edas h\u00e1biles.<\/li>\n\n\n\n<li>Los reembolsos se realizar\u00e1n a trav\u00e9s del mismo m\u00e9todo de pago utilizado en la reserva.<\/li>\n<\/ul>\n\n\n\n<h2 class=\"wp-block-heading has-h-3-font-size\"><strong>6. Contacto<\/strong><\/h2>\n\n\n\n<p>Si tienes alguna pregunta sobre nuestra pol\u00edtica de devoluciones, puedes ponerte en contacto con nosotros.<\/p>\n<\/div>\n","protected":false},"excerpt":{"rendered":"<p>Pol\u00edtica de Devoluciones 1. Condiciones Generales En Camping Terra Alta nos esforzamos por ofrecer la mejor experiencia a nuestros clientes. Si por alguna raz\u00f3n necesitas&#8230;<\/p>\n","protected":false},"author":2,"featured_media":1828,"parent":0,"menu_order":8,"comment_status":"closed","ping_status":"open","template":"","meta":{"_acf_changed":false,"inline_featured_image":false,"footnotes":""},"class_list":["post-2154","page","type-page","status-publish","has-post-thumbnail","hentry"],"acf":[],"yoast_head":"<!-- This site is optimized with the Yoast SEO plugin v26.1.1 - https:\/\/yoast.com\/wordpress\/plugins\/seo\/ -->\n<title>Pol\u00edtica de Devoluciones de Camping Terra Alta<\/title>\n<meta name=\"description\" content=\"Consulta la pol\u00edtica de devoluciones de Camping Terra Alta para conocer las condiciones y procedimientos para cancelaciones y reembolsos.\" \/>\n<meta name=\"robots\" content=\"index, follow, max-snippet:-1, max-image-preview:large, max-video-preview:-1\" \/>\n<link rel=\"canonical\" href=\"https:\/\/campingterraalta.com\/es\/politica-de-devoluciones\/\" \/>\n<meta property=\"og:locale\" content=\"es_ES\" \/>\n<meta property=\"og:type\" content=\"article\" \/>\n<meta property=\"og:title\" content=\"Pol\u00edtica de Devoluciones de Camping Terra Alta\" \/>\n<meta property=\"og:description\" content=\"Consulta la pol\u00edtica de devoluciones de Camping Terra Alta para conocer las condiciones y procedimientos para cancelaciones y reembolsos.\" \/>\n<meta property=\"og:url\" content=\"https:\/\/campingterraalta.com\/es\/politica-de-devoluciones\/\" \/>\n<meta property=\"og:site_name\" content=\"Camping Terra Alta\" \/>\n<meta property=\"article:modified_time\" content=\"2025-06-10T15:18:03+00:00\" \/>\n<meta property=\"og:image\" content=\"https:\/\/campingterraalta.com\/wp-content\/uploads\/20241022-082808.webp\" \/>\n\t<meta property=\"og:image:width\" content=\"1920\" \/>\n\t<meta property=\"og:image:height\" content=\"864\" \/>\n\t<meta property=\"og:image:type\" content=\"image\/webp\" \/>\n<meta name=\"twitter:card\" content=\"summary_large_image\" \/>\n<meta name=\"twitter:label1\" content=\"Tiempo de lectura\" \/>\n\t<meta name=\"twitter:data1\" content=\"2 minutos\" \/>\n<!-- \/ Yoast SEO plugin. -->","yoast_head_json":{"title":"Pol\u00edtica de Devoluciones de Camping Terra Alta","description":"Consulta la pol\u00edtica de devoluciones de Camping Terra Alta para conocer las condiciones y procedimientos para cancelaciones y reembolsos.","robots":{"index":"index","follow":"follow","max-snippet":"max-snippet:-1","max-image-preview":"max-image-preview:large","max-video-preview":"max-video-preview:-1"},"canonical":"https:\/\/campingterraalta.com\/es\/politica-de-devoluciones\/","og_locale":"es_ES","og_type":"article","og_title":"Pol\u00edtica de Devoluciones de Camping Terra Alta","og_description":"Consulta la pol\u00edtica de devoluciones de Camping Terra Alta para conocer las condiciones y procedimientos para cancelaciones y reembolsos.","og_url":"https:\/\/campingterraalta.com\/es\/politica-de-devoluciones\/","og_site_name":"Camping Terra Alta","article_modified_time":"2025-06-10T15:18:03+00:00","og_image":[{"width":1920,"height":864,"url":"https:\/\/campingterraalta.com\/wp-content\/uploads\/20241022-082808.webp","type":"image\/webp"}],"twitter_card":"summary_large_image","twitter_misc":{"Tiempo de lectura":"2 minutos"},"schema":{"@context":"https:\/\/schema.org","@graph":[{"@type":"WebPage","@id":"https:\/\/campingterraalta.com\/es\/politica-de-devoluciones\/","url":"https:\/\/campingterraalta.com\/es\/politica-de-devoluciones\/","name":"Pol\u00edtica de Devoluciones de Camping Terra Alta","isPartOf":{"@id":"https:\/\/campingterraalta.com\/es\/#website"},"primaryImageOfPage":{"@id":"https:\/\/campingterraalta.com\/es\/politica-de-devoluciones\/#primaryimage"},"image":{"@id":"https:\/\/campingterraalta.com\/es\/politica-de-devoluciones\/#primaryimage"},"thumbnailUrl":"https:\/\/campingterraalta.com\/wp-content\/uploads\/20241022-082808.webp","datePublished":"2025-04-07T12:08:33+00:00","dateModified":"2025-06-10T15:18:03+00:00","description":"Consulta la pol\u00edtica de devoluciones de Camping Terra Alta para conocer las condiciones y procedimientos para cancelaciones y reembolsos.","breadcrumb":{"@id":"https:\/\/campingterraalta.com\/es\/politica-de-devoluciones\/#breadcrumb"},"inLanguage":"es","potentialAction":[{"@type":"ReadAction","target":["https:\/\/campingterraalta.com\/es\/politica-de-devoluciones\/"]}]},{"@type":"ImageObject","inLanguage":"es","@id":"https:\/\/campingterraalta.com\/es\/politica-de-devoluciones\/#primaryimage","url":"https:\/\/campingterraalta.com\/wp-content\/uploads\/20241022-082808.webp","contentUrl":"https:\/\/campingterraalta.com\/wp-content\/uploads\/20241022-082808.webp","width":1920,"height":864},{"@type":"BreadcrumbList","@id":"https:\/\/campingterraalta.com\/es\/politica-de-devoluciones\/#breadcrumb","itemListElement":[{"@type":"ListItem","position":1,"name":"Portada","item":"https:\/\/campingterraalta.com\/es\/"},{"@type":"ListItem","position":2,"name":"Pol\u00edtica de Devoluciones"}]},{"@type":"WebSite","@id":"https:\/\/campingterraalta.com\/es\/#website","url":"https:\/\/campingterraalta.com\/es\/","name":"Camping Terra Alta","description":"El Camping Terra Alta lleva, desde el 2012, ofreciendo un trato familiar con todas las instalaciones para que pod\u00e1is disfrutar de vuestra estancia con caravana, tienda, autocaravana o en nuestros bungalows.","publisher":{"@id":"https:\/\/campingterraalta.com\/es\/#organization"},"potentialAction":[{"@type":"SearchAction","target":{"@type":"EntryPoint","urlTemplate":"https:\/\/campingterraalta.com\/es\/?s={search_term_string}"},"query-input":{"@type":"PropertyValueSpecification","valueRequired":true,"valueName":"search_term_string"}}],"inLanguage":"es"},{"@type":"Organization","@id":"https:\/\/campingterraalta.com\/es\/#organization","name":"Camping Terra Alta","url":"https:\/\/campingterraalta.com\/es\/","logo":{"@type":"ImageObject","inLanguage":"es","@id":"https:\/\/campingterraalta.com\/es\/#\/schema\/logo\/image\/","url":"https:\/\/campingterraalta.com\/wp-content\/uploads\/logo-terraalta-nobg.webp","contentUrl":"https:\/\/campingterraalta.com\/wp-content\/uploads\/logo-terraalta-nobg.webp","width":190,"height":111,"caption":"Camping Terra Alta"},"image":{"@id":"https:\/\/campingterraalta.com\/es\/#\/schema\/logo\/image\/"}}]}},"_links":{"self":[{"href":"https:\/\/campingterraalta.com\/es\/wp-json\/wp\/v2\/pages\/2154","targetHints":{"allow":["GET"]}}],"collection":[{"href":"https:\/\/campingterraalta.com\/es\/wp-json\/wp\/v2\/pages"}],"about":[{"href":"https:\/\/campingterraalta.com\/es\/wp-json\/wp\/v2\/types\/page"}],"author":[{"embeddable":true,"href":"https:\/\/campingterraalta.com\/es\/wp-json\/wp\/v2\/users\/2"}],"replies":[{"embeddable":true,"href":"https:\/\/campingterraalta.com\/es\/wp-json\/wp\/v2\/comments?post=2154"}],"version-history":[{"count":6,"href":"https:\/\/campingterraalta.com\/es\/wp-json\/wp\/v2\/pages\/2154\/revisions"}],"predecessor-version":[{"id":2616,"href":"https:\/\/campingterraalta.com\/es\/wp-json\/wp\/v2\/pages\/2154\/revisions\/2616"}],"wp:featuredmedia":[{"embeddable":true,"href":"https:\/\/campingterraalta.com\/es\/wp-json\/wp\/v2\/media\/1828"}],"wp:attachment":[{"href":"https:\/\/campingterraalta.com\/es\/wp-json\/wp\/v2\/media?parent=2154"}],"curies":[{"name":"wp","href":"https:\/\/api.w.org\/{rel}","templated":true}]}}