{"id":2152,"date":"2023-05-16T17:32:37","date_gmt":"2023-05-16T15:32:37","guid":{"rendered":"https:\/\/campingterraalta.com\/politicia-privacitat\/"},"modified":"2025-06-10T14:50:50","modified_gmt":"2025-06-10T12:50:50","slug":"politica-de-privacidad","status":"publish","type":"page","link":"https:\/\/campingterraalta.com\/es\/politica-de-privacidad\/","title":{"rendered":"Pol\u00edtica de Privacidad"},"content":{"rendered":"\n<div class=\"wp-block-cover alignfull has-parallax header-top has-animation oh\" style=\"margin-top:0px;margin-bottom:0px\"><span aria-hidden=\"true\" class=\"wp-block-cover__background has-theme-black-background-color has-background-dim-30 has-background-dim\"><\/span><div class=\"wp-block-cover__image-background wp-image-1828 has-parallax\" style=\"background-position:50% 50%;background-image:url(https:\/\/campingterraalta.com\/wp-content\/uploads\/20241022-082808.webp);\"><\/div><div class=\"wp-block-cover__inner-container is-layout-constrained wp-block-cover-is-layout-constrained\">\n<div class=\"wp-block-group animation--init--once animation--top is-content-justification-center is-layout-constrained wp-container-core-group-is-layout-b772f419 wp-block-group-is-layout-constrained\">\n<p class=\"has-text-align-left titre-top animation--init--once animation--top has-h-1-font-size\"><sup>Camping Terra Alta <\/sup>Pol\u00edtica de Privacidad<\/p>\n\n\n\n<div class=\"wp-block-group alignfull breadcrumbs-top is-layout-constrained wp-block-group-is-layout-constrained\" style=\"margin-top:0px;margin-bottom:0px\">\n<div class=\"wp-block-group is-layout-constrained wp-block-group-is-layout-constrained\">\n<span><span><a href=\"https:\/\/campingterraalta.com\/es\/\">Portada<\/a><\/span><\/span>\n<\/div>\n<\/div>\n<\/div>\n\n\n\n<div class=\"wp-block-group booking-container is-layout-constrained wp-block-group-is-layout-constrained\"><script>\n            document.addEventListener('DOMContentLoaded', function () {\n\n                var widget = new MasterWidget('widgetBookingContainer1600', {\n                    lang: 'es',idProperty: '352',class: 'widget_columns',dropdown: true,\n                    url: 'https:\/\/booking.campingterraalta.com'\n                });\n\n\n            });\n\n            <\/script><div id=\"widgetBookingContainer1600\"> <\/div>\n<\/div>\n<\/div><\/div>\n\n\n\n<div class=\"wp-block-group is-layout-constrained wp-block-group-is-layout-constrained\" style=\"padding-top:50px;padding-bottom:50px\">\n<h1 class=\"wp-block-heading has-h-2-font-size\"><strong>Pol\u00edtica de Privacitat<\/strong><\/h1>\n\n\n\n<h2 class=\"wp-block-heading has-h-3-font-size\"><strong>Qui\u00e9nes somos<\/strong><\/h2>\n\n\n\n<p>La direcci\u00f3n de nuestro sitio web es:&nbsp;<a>https:\/\/campingterraalta.com<\/a>.<\/p>\n\n\n\n<h2 class=\"wp-block-heading has-h-3-font-size\"><strong>Comentarios<\/strong><\/h2>\n\n\n\n<p>Cuando los visitantes dejan comentarios en el sitio web, recopilamos los datos que se muestran en el formulario de comentarios, as\u00ed como la direcci\u00f3n IP del visitante y la cadena de agentes de usuario del navegador para ayudar a la detecci\u00f3n de spam.<\/p>\n\n\n\n<p>Una cadena an\u00f3nima creada a partir de tu direcci\u00f3n de correo electr\u00f3nico (tambi\u00e9n llamada hash) puede ser proporcionada en el servicio Gravatar para ver si la est\u00e1s utilizando. La pol\u00edtica de privacidad del servicio Gravatar est\u00e1 disponible aqu\u00ed: https:\/\/automattic.com\/privacy\/. Despu\u00e9s de la aprobaci\u00f3n de tu comentario, la imagen de tu perfil ser\u00e1 visible para el p\u00fablico en el contexto de su comentario.<\/p>\n\n\n\n<h2 class=\"wp-block-heading has-h-3-font-size\"><strong>Medios<\/strong><\/h2>\n\n\n\n<p>Si subes im\u00e1genes al sitio web, deber\u00edas evitar subir im\u00e1genes con datos de localizaci\u00f3n (GPS EXIF) incluidos. Los visitantes del sitio pueden descargar y extraer cualquier dato de localizaci\u00f3n de las im\u00e1genes del sitio web.<\/p>\n\n\n\n<h2 class=\"wp-block-heading has-h-3-font-size\"><strong>Galletas (cookies)<\/strong><\/h2>\n\n\n\n<p>Si dejas un comentario en nuestro sitio puedes elegir guardar tu nombre, direcci\u00f3n de correo electr\u00f3nico y sitio web en cookies. Esto es para tu comodidad, para que no tengas que rellenar tus datos cuando dejes otro comentario. Estas galletas tendr\u00e1n una duraci\u00f3n de un a\u00f1o.<\/p>\n\n\n\n<p>Si tienes una cuenta e inicias sesi\u00f3n en este sitio, instalaremos una cookie temporal para determinar si su navegador acepta cookies. Esta cookie no contiene datos personales y se elimina al cerrar el navegador.<\/p>\n\n\n\n<p>Cuando inicies sesi\u00f3n, tambi\u00e9n instalaremos varias cookies para guardar tu informaci\u00f3n de acceso y tus opciones de visualizaci\u00f3n de pantalla. Las cookies de acceso duran dos d\u00edas y las cookies de opciones de pantalla duran un a\u00f1o. Si seleccionas \u00abRecu\u00e9rdame\u00bb, el acceso perdurar\u00e1 durante dos semanas. Si cierras la sesi\u00f3n, las cookies de acceso se eliminar\u00e1n.<\/p>\n\n\n\n<p>Si editas o publicas un art\u00edculo se guardar\u00e1 una cookie adicional en tu navegador. Esta cookie no incluye datos personales y simplemente indica el ID del art\u00edculo que acabas de editar. Caduca despu\u00e9s de un d\u00eda.<\/p>\n\n\n\n<h2 class=\"wp-block-heading has-h-3-font-size\"><strong>Contenido incrustado de otros sitios web<\/strong><\/h2>\n\n\n\n<p>Los art\u00edculos de este sitio pueden incluir contenido incrustado (por ejemplo, v\u00eddeos, im\u00e1genes, art\u00edculos, etc.). El contenido incrustado de otros sitios web se comporta exactamente de la misma forma que si el visitante hubiera visitado el otro sitio web.<\/p>\n\n\n\n<p>Estos sitios pueden recopilar datos sobre ti, utilizar cookies, incrustar seguimiento adicional de terceros y supervisar tu interacci\u00f3n con ese contenido incrustado, incluido el seguimiento de tu interacci\u00f3n si tienes una cuenta y est\u00e1s conectado a este sitio web.<\/p>\n\n\n\n<h2 class=\"wp-block-heading has-h-3-font-size\"><strong>Con quien compartimos tus datos<\/strong><\/h2>\n\n\n\n<p>Si solicitas un restablecimiento de contrase\u00f1a, tu direcci\u00f3n IP ser\u00e1 incluida en el correo electr\u00f3nico de restablecimiento.<\/p>\n\n\n\n<p>Si dejas un comentario, el comentario y sus metadatos se conservan indefinidamente. Esto se debe a que podamos reconocer y aprobar comentarios posteriores autom\u00e1ticamente, en lugar de mantenerlos en una cola de moderaci\u00f3n.<\/p>\n\n\n\n<p>De los usuarios que se registran en nuestro sitio web (si los hubiere), tambi\u00e9n almacenamos la informaci\u00f3n personal que proporcionan a su perfil de usuario. Todos los usuarios pueden ver, editar o eliminar su informaci\u00f3n personal en cualquier momento (salvo que no pueden cambiar su nombre de usuario). Los administradores del sitio web tambi\u00e9n pueden ver y editar esta informaci\u00f3n.<\/p>\n\n\n\n<h2 class=\"wp-block-heading has-h-3-font-size\"><strong>Qu\u00e9 derechos tienes sobre tus datos<\/strong><\/h2>\n\n\n\n<p>Si tienes una cuenta o has dejado comentarios en este sitio web, puedes solicitar recibir un fichero de exportaci\u00f3n con los datos personales que tenemos sobre ti, incluyendo cualquier dato que nos hayas proporcionado. Tambi\u00e9n puedes solicitar que eliminemos cualquier dato personal que tengamos sobre ti.<\/p>\n\n\n\n<h2 class=\"wp-block-heading has-h-3-font-size\"><strong>Donde se env\u00edan tus datos<\/strong><\/h2>\n\n\n\n<p>Los comentarios de los visitantes pueden ser revisados \u200b\u200bpor un servicio autom\u00e1tico de detecci\u00f3n de spam.<\/p>\n<\/div>\n","protected":false},"excerpt":{"rendered":"<p>Pol\u00edtica de Privacitat Qui\u00e9nes somos La direcci\u00f3n de nuestro sitio web es:&nbsp;https:\/\/campingterraalta.com. Comentarios Cuando los visitantes dejan comentarios en el sitio web, recopilamos los datos&#8230;<\/p>\n","protected":false},"author":2,"featured_media":1828,"parent":0,"menu_order":7,"comment_status":"closed","ping_status":"open","template":"","meta":{"_acf_changed":false,"inline_featured_image":false,"footnotes":""},"class_list":["post-2152","page","type-page","status-publish","has-post-thumbnail","hentry"],"acf":[],"yoast_head":"<!-- This site is optimized with the Yoast SEO plugin v26.1.1 - https:\/\/yoast.com\/wordpress\/plugins\/seo\/ -->\n<title>Pol\u00edtica de Privacidad de Camping Terra Alta<\/title>\n<meta name=\"description\" content=\"Consulta la pol\u00edtica de privacidad de Camping Terra Alta para saber c\u00f3mo protegemos tus datos personales y garantizamos tu seguridad durante tu estancia.\" \/>\n<meta name=\"robots\" content=\"index, follow, max-snippet:-1, max-image-preview:large, max-video-preview:-1\" \/>\n<link rel=\"canonical\" href=\"https:\/\/campingterraalta.com\/es\/politica-de-privacidad\/\" \/>\n<meta property=\"og:locale\" content=\"es_ES\" \/>\n<meta property=\"og:type\" content=\"article\" \/>\n<meta property=\"og:title\" content=\"Pol\u00edtica de Privacidad de Camping Terra Alta\" \/>\n<meta property=\"og:description\" content=\"Consulta la pol\u00edtica de privacidad de Camping Terra Alta para saber c\u00f3mo protegemos tus datos personales y garantizamos tu seguridad durante tu estancia.\" \/>\n<meta property=\"og:url\" content=\"https:\/\/campingterraalta.com\/es\/politica-de-privacidad\/\" \/>\n<meta property=\"og:site_name\" content=\"Camping Terra Alta\" \/>\n<meta property=\"article:modified_time\" content=\"2025-06-10T12:50:50+00:00\" \/>\n<meta property=\"og:image\" content=\"https:\/\/campingterraalta.com\/wp-content\/uploads\/20241022-082808.webp\" \/>\n\t<meta property=\"og:image:width\" content=\"1920\" \/>\n\t<meta property=\"og:image:height\" content=\"864\" \/>\n\t<meta property=\"og:image:type\" content=\"image\/webp\" \/>\n<meta name=\"twitter:card\" content=\"summary_large_image\" \/>\n<meta name=\"twitter:label1\" content=\"Tiempo de lectura\" \/>\n\t<meta name=\"twitter:data1\" content=\"3 minutos\" \/>\n<!-- \/ Yoast SEO plugin. -->","yoast_head_json":{"title":"Pol\u00edtica de Privacidad de Camping Terra Alta","description":"Consulta la pol\u00edtica de privacidad de Camping Terra Alta para saber c\u00f3mo protegemos tus datos personales y garantizamos tu seguridad durante tu estancia.","robots":{"index":"index","follow":"follow","max-snippet":"max-snippet:-1","max-image-preview":"max-image-preview:large","max-video-preview":"max-video-preview:-1"},"canonical":"https:\/\/campingterraalta.com\/es\/politica-de-privacidad\/","og_locale":"es_ES","og_type":"article","og_title":"Pol\u00edtica de Privacidad de Camping Terra Alta","og_description":"Consulta la pol\u00edtica de privacidad de Camping Terra Alta para saber c\u00f3mo protegemos tus datos personales y garantizamos tu seguridad durante tu estancia.","og_url":"https:\/\/campingterraalta.com\/es\/politica-de-privacidad\/","og_site_name":"Camping Terra Alta","article_modified_time":"2025-06-10T12:50:50+00:00","og_image":[{"width":1920,"height":864,"url":"https:\/\/campingterraalta.com\/wp-content\/uploads\/20241022-082808.webp","type":"image\/webp"}],"twitter_card":"summary_large_image","twitter_misc":{"Tiempo de lectura":"3 minutos"},"schema":{"@context":"https:\/\/schema.org","@graph":[{"@type":"WebPage","@id":"https:\/\/campingterraalta.com\/es\/politica-de-privacidad\/","url":"https:\/\/campingterraalta.com\/es\/politica-de-privacidad\/","name":"Pol\u00edtica de Privacidad de Camping Terra Alta","isPartOf":{"@id":"https:\/\/campingterraalta.com\/es\/#website"},"primaryImageOfPage":{"@id":"https:\/\/campingterraalta.com\/es\/politica-de-privacidad\/#primaryimage"},"image":{"@id":"https:\/\/campingterraalta.com\/es\/politica-de-privacidad\/#primaryimage"},"thumbnailUrl":"https:\/\/campingterraalta.com\/wp-content\/uploads\/20241022-082808.webp","datePublished":"2023-05-16T15:32:37+00:00","dateModified":"2025-06-10T12:50:50+00:00","description":"Consulta la pol\u00edtica de privacidad de Camping Terra Alta para saber c\u00f3mo protegemos tus datos personales y garantizamos tu seguridad durante tu estancia.","breadcrumb":{"@id":"https:\/\/campingterraalta.com\/es\/politica-de-privacidad\/#breadcrumb"},"inLanguage":"es","potentialAction":[{"@type":"ReadAction","target":["https:\/\/campingterraalta.com\/es\/politica-de-privacidad\/"]}]},{"@type":"ImageObject","inLanguage":"es","@id":"https:\/\/campingterraalta.com\/es\/politica-de-privacidad\/#primaryimage","url":"https:\/\/campingterraalta.com\/wp-content\/uploads\/20241022-082808.webp","contentUrl":"https:\/\/campingterraalta.com\/wp-content\/uploads\/20241022-082808.webp","width":1920,"height":864},{"@type":"BreadcrumbList","@id":"https:\/\/campingterraalta.com\/es\/politica-de-privacidad\/#breadcrumb","itemListElement":[{"@type":"ListItem","position":1,"name":"Portada","item":"https:\/\/campingterraalta.com\/es\/"},{"@type":"ListItem","position":2,"name":"Pol\u00edtica de Privacidad"}]},{"@type":"WebSite","@id":"https:\/\/campingterraalta.com\/es\/#website","url":"https:\/\/campingterraalta.com\/es\/","name":"Camping Terra Alta","description":"El Camping Terra Alta lleva, desde el 2012, ofreciendo un trato familiar con todas las instalaciones para que pod\u00e1is disfrutar de vuestra estancia con caravana, tienda, autocaravana o en nuestros bungalows.","publisher":{"@id":"https:\/\/campingterraalta.com\/es\/#organization"},"potentialAction":[{"@type":"SearchAction","target":{"@type":"EntryPoint","urlTemplate":"https:\/\/campingterraalta.com\/es\/?s={search_term_string}"},"query-input":{"@type":"PropertyValueSpecification","valueRequired":true,"valueName":"search_term_string"}}],"inLanguage":"es"},{"@type":"Organization","@id":"https:\/\/campingterraalta.com\/es\/#organization","name":"Camping Terra Alta","url":"https:\/\/campingterraalta.com\/es\/","logo":{"@type":"ImageObject","inLanguage":"es","@id":"https:\/\/campingterraalta.com\/es\/#\/schema\/logo\/image\/","url":"https:\/\/campingterraalta.com\/wp-content\/uploads\/logo-terraalta-nobg.webp","contentUrl":"https:\/\/campingterraalta.com\/wp-content\/uploads\/logo-terraalta-nobg.webp","width":190,"height":111,"caption":"Camping Terra Alta"},"image":{"@id":"https:\/\/campingterraalta.com\/es\/#\/schema\/logo\/image\/"}}]}},"_links":{"self":[{"href":"https:\/\/campingterraalta.com\/es\/wp-json\/wp\/v2\/pages\/2152","targetHints":{"allow":["GET"]}}],"collection":[{"href":"https:\/\/campingterraalta.com\/es\/wp-json\/wp\/v2\/pages"}],"about":[{"href":"https:\/\/campingterraalta.com\/es\/wp-json\/wp\/v2\/types\/page"}],"author":[{"embeddable":true,"href":"https:\/\/campingterraalta.com\/es\/wp-json\/wp\/v2\/users\/2"}],"replies":[{"embeddable":true,"href":"https:\/\/campingterraalta.com\/es\/wp-json\/wp\/v2\/comments?post=2152"}],"version-history":[{"count":6,"href":"https:\/\/campingterraalta.com\/es\/wp-json\/wp\/v2\/pages\/2152\/revisions"}],"predecessor-version":[{"id":2527,"href":"https:\/\/campingterraalta.com\/es\/wp-json\/wp\/v2\/pages\/2152\/revisions\/2527"}],"wp:featuredmedia":[{"embeddable":true,"href":"https:\/\/campingterraalta.com\/es\/wp-json\/wp\/v2\/media\/1828"}],"wp:attachment":[{"href":"https:\/\/campingterraalta.com\/es\/wp-json\/wp\/v2\/media?parent=2152"}],"curies":[{"name":"wp","href":"https:\/\/api.w.org\/{rel}","templated":true}]}}